{"id":132,"date":"2022-02-16T00:04:04","date_gmt":"2022-02-16T00:04:04","guid":{"rendered":"https:\/\/enlacesur.org\/terminos-y-condiciones\/"},"modified":"2022-08-31T17:41:02","modified_gmt":"2022-08-31T20:41:02","slug":"terminos-y-condiciones","status":"publish","type":"page","link":"http:\/\/enlacesur.org\/pt\/terminos-y-condiciones\/","title":{"rendered":"T\u00e9rminos y condiciones"},"content":{"rendered":"<h1><b>T\u00e9rminos y condiciones del sitio web<\/b><b><br \/>\n<\/b><b>Usuarios, obligaciones, responsabilidad y condiciones<\/b><\/h1>\n<p>&nbsp;<\/p>\n<p><span style=\"font-weight: 400;\">El Usuario deber\u00e1 respetar estos T\u00e9rminos y Condiciones de Uso del sitio web. Las infracciones por acci\u00f3n u omisi\u00f3n de los presentes T\u00e9rminos y Condiciones de Uso generar\u00e1n el derecho a favor del Administrador de suspender al Usuario que las haya realizado.<\/span><\/p>\n<p><span style=\"font-weight: 400;\">El Usuario se obliga a usar los Servicios Digitales (<\/span><a href=\"https:\/\/enlacesur.org\/pt\/\"><span style=\"font-weight: 400;\">enlacesur.org<\/span><\/a><span style=\"font-weight: 400;\">) de conformidad con estos T\u00e9rminos y Condiciones, en forma correcta y l\u00edcita. En caso contrario, el Administrador podr\u00e1 suspender la cuenta del Usuario, por considerarlo: violatorio de estos T\u00e9rminos y Condiciones y\/o de la Pol\u00edtica de Privacidad de estos Servicios Digitales, ofensivo, ilegal, violatorio de derechos de terceros, contrario a la moral y buenas costumbres y amenaza la seguridad de otros Usuarios.<\/span><\/p>\n<p><span style=\"font-weight: 400;\">Sin embargo, esta posibilidad no implica necesariamente que el contenido de toda la informaci\u00f3n disponible en los Servicios Digitales haya sido revisado.<\/span><\/p>\n<ul>\n<li aria-level=\"3\"><span style=\"font-weight: 400;\">El Usuario se compromete a:<\/span><\/li>\n<\/ul>\n<ul>\n<li aria-level=\"3\"><span style=\"font-weight: 400;\">No acceder a datos restringidos o a intentar violar las barreras de seguridad para llegar a ellos.<\/span><\/li>\n<\/ul>\n<ul>\n<li aria-level=\"3\"><span style=\"font-weight: 400;\">No realizar b\u00fasquedas de vulnerabilidades o explotaci\u00f3n de las mismas para cualquier fin.<\/span><\/li>\n<\/ul>\n<ul>\n<li aria-level=\"3\"><span style=\"font-weight: 400;\">No divulgar informaci\u00f3n acerca de la detecci\u00f3n de vulnerabilidades encontradas en los Servicios Digitales.<\/span><\/li>\n<\/ul>\n<ul>\n<li aria-level=\"3\"><span style=\"font-weight: 400;\">Comunicar al Administrador toda informaci\u00f3n a la que tenga acceso que pudiera implicar un compromiso a la seguridad de la informaci\u00f3n o los servicios digitales.<\/span><\/li>\n<\/ul>\n<ul>\n<li aria-level=\"3\"><span style=\"font-weight: 400;\">La adecuada utilizaci\u00f3n de todos los recursos de Internet es, sin excepci\u00f3n, de entera responsabilidad del Usuario de los Servicios Digitales.<\/span><span style=\"font-weight: 400;\"><br \/>\n<\/span><span style=\"font-weight: 400;\"><br \/>\n<\/span><\/li>\n<\/ul>\n<h2><b>Actividades prohibidas<\/b><\/h2>\n<p><span style=\"font-weight: 400;\">Las siguientes actividades se encuentran expresamente vedadas, sin perjuicio de las prohibiciones generales expuestas anteriormente:<\/span><\/p>\n<ul>\n<li style=\"font-weight: 400;\" aria-level=\"1\"><span style=\"font-weight: 400;\">Hostigar, acosar, amenazar, acechar, realizar actos de vandalismo hacia otros Usuarios.<\/span><\/li>\n<li style=\"font-weight: 400;\" aria-level=\"1\"><span style=\"font-weight: 400;\">Infringir los derechos a la intimidad de otros Usuarios.<\/span><\/li>\n<li style=\"font-weight: 400;\" aria-level=\"1\"><span style=\"font-weight: 400;\">Solicitar informaci\u00f3n personal identificable de otros Usuarios con el prop\u00f3sito de hostigar, atacar, explotar, violar la intimidad de los mismos;<\/span><\/li>\n<li style=\"font-weight: 400;\" aria-level=\"1\"><span style=\"font-weight: 400;\">Publicar de manera intencionada o con conocimiento injurias o calumnias;<\/span><\/li>\n<li style=\"font-weight: 400;\" aria-level=\"1\"><span style=\"font-weight: 400;\">Publicar, con el intento de enga\u00f1ar, contenido que es falso o inexacto;<\/span><\/li>\n<li style=\"font-weight: 400;\" aria-level=\"1\"><span style=\"font-weight: 400;\">Intentar usurpar la identidad de otro Usuario, representando de manera falsa su afiliaci\u00f3n con cualquier individuo o entidad, o utilizar el nombre de otro Usuario con el prop\u00f3sito de enga\u00f1ar;<\/span><\/li>\n<li style=\"font-weight: 400;\" aria-level=\"1\"><span style=\"font-weight: 400;\">Promover, defender o mostrar pornograf\u00eda, obscenidad, vulgaridad, blasfemia, odio, fanatismo, racismo y\/o violencia.<\/span><\/li>\n<\/ul>\n<p>En caso de sufrir alguna de estas situaciones, deber\u00e1 comunicarse con el Administrador a trav\u00e9s de <a href=\"mailto:contacto@enlacesur.org\">contacto@enlacesur.org<\/a> \u00a0<span style=\"font-weight: 400;\"><br \/>\n<\/span><span style=\"font-weight: 400;\"><br \/>\n<\/span><\/p>\n<h2><b>Sobre la creaci\u00f3n de usuario y sus datos<\/b><\/h2>\n<p><span style=\"font-weight: 400;\">\u00a0<\/span><\/p>\n<p><span style=\"font-weight: 400;\">Requiere inscripci\u00f3n previa a trav\u00e9s de un formulario en l\u00ednea que deber\u00e1 ser completado por el Usuario. De esta forma las personas podr\u00e1n inscribirse y crear una contrase\u00f1a que les permitir\u00e1 acceder a EnlaceSur.<\/span><\/p>\n<p><span style=\"font-weight: 400;\">La informaci\u00f3n personal suministrada por el Usuario al momento de inscribirse en el sitio web est\u00e1 protegida con una clave y s\u00f3lo podr\u00e1 ser modificada por el mismo Usuario.<\/span><\/p>\n<p><span style=\"font-weight: 400;\">El sitio web se reserva el derecho de realizar validaciones en relaci\u00f3n a la informaci\u00f3n brindada por el Usuario al momento de la inscripci\u00f3n. En caso de que la informaci\u00f3n brindada no pueda validarse, el Administrador se reserva el derecho de no dar de alta a ese Usuario.<\/span><\/p>\n<p><span style=\"font-weight: 400;\">Al momento de la inscripci\u00f3n, el Usuario asume el compromiso y la responsabilidad de:<\/span><\/p>\n<p><span style=\"font-weight: 400;\">&#8211; No proporcionar informaci\u00f3n personal falsa ni crear cuentas a nombre de terceros.<\/span><span style=\"font-weight: 400;\"><br \/>\n<\/span><span style=\"font-weight: 400;\">&#8211; No crear m\u00e1s de una cuenta personal.<\/span><span style=\"font-weight: 400;\"><br \/>\n<\/span><span style=\"font-weight: 400;\">&#8211; No crear otra cuenta sin permiso expreso del Administrador, en caso de que este \u00faltimo haya inhabilitado la cuenta original.<\/span><span style=\"font-weight: 400;\"><br \/>\n<\/span><span style=\"font-weight: 400;\"><br \/>\n<\/span><span style=\"font-weight: 400;\">Mantener la informaci\u00f3n de contacto exacta y actualizada.<\/span><span style=\"font-weight: 400;\"><br \/>\n<\/span><span style=\"font-weight: 400;\"><br \/>\n<\/span><span style=\"font-weight: 400;\">No compartir la contrase\u00f1a ni permitir a otra persona acceda a su cuenta.<\/span><span style=\"font-weight: 400;\"><br \/>\n<\/span><span style=\"font-weight: 400;\"><br \/>\n<\/span><span style=\"font-weight: 400;\">El Usuario se compromete a notificar al Administrador ante cualquier uso no autorizado de su clave.<\/span><span style=\"font-weight: 400;\"><br \/>\n<\/span><span style=\"font-weight: 400;\"><br \/>\n<\/span><span style=\"font-weight: 400;\">El Administrador se reserva el derecho de rechazar cualquier solicitud de inscripci\u00f3n o de cancelar un registro previamente aceptado.<\/span> <span style=\"font-weight: 400;\"><br \/>\n<\/span><span style=\"font-weight: 400;\"><br \/>\n<\/span><span style=\"font-weight: 400;\">El titular de los datos personales podr\u00e1 solicitar la actualizaci\u00f3n, rectificaci\u00f3n y, cuando corresponda, la supresi\u00f3n o el sometimiento a confidencialidad de los datos personales provistos<\/span><span style=\"font-weight: 400;\"><br \/>\n<\/span><span style=\"font-weight: 400;\"><br \/>\n<\/span><\/p>\n<h2><b>Finalidad de los datos recolectados<\/b><\/h2>\n<p><span style=\"font-weight: 400;\">Los datos recolectados tendr\u00e1n por finalidad:<\/span><\/p>\n<ul>\n<li style=\"font-weight: 400;\" aria-level=\"1\"><span style=\"font-weight: 400;\">Optimizar los servicios brindados por la plataforma EnlaceSur y el Programa de Cooperaci\u00f3n Sur Sur de Mercociudades.<\/span><\/li>\n<li style=\"font-weight: 400;\" aria-level=\"1\"><span style=\"font-weight: 400;\">Enviar a las personas alertas de e-mail, respecto a los servicios utilizados y sobre los cuales solicit\u00f3 notificaciones.<\/span><\/li>\n<\/ul>\n<h2 aria-level=\"3\"><b>Seguridad<\/b><\/h2>\n<p><b><\/b><span style=\"font-weight: 400;\">El responsable de la Base de Datos declara que adopta las medidas t\u00e9cnicas y organizativas que resulten necesarias para garantizar la seguridad y confidencialidad de los datos personales de modo de evitar su adulteraci\u00f3n, p\u00e9rdida, consulta o tratamiento no autorizado.<\/span><span style=\"font-weight: 400;\"><br \/>\n<\/span><\/p>","protected":false},"excerpt":{"rendered":"<p>T\u00e9rminos y condiciones del sitio web Usuarios, obligaciones, responsabilidad y condiciones &nbsp; El Usuario deber\u00e1 respetar estos T\u00e9rminos y Condiciones de Uso del sitio web. Las infracciones por acci\u00f3n u omisi\u00f3n de los presentes T\u00e9rminos y Condiciones de Uso generar\u00e1n el derecho a favor del Administrador de suspender al Usuario que las haya realizado. El [&hellip;]<\/p>\n","protected":false},"author":1,"featured_media":0,"parent":0,"menu_order":0,"comment_status":"closed","ping_status":"closed","template":"","meta":{"_stc_notifier_status":"","_stc_notifier_sent_time":"","_stc_notifier_request":false,"_stc_notifier_prevent":false,"_stc_subscriber_keywords":"","_stc_subscriber_search_areas":"","site-sidebar-layout":"no-sidebar","site-content-layout":"boxed-container","ast-site-content-layout":"default","site-content-style":"default","site-sidebar-style":"default","ast-global-header-display":"","ast-banner-title-visibility":"","ast-main-header-display":"","ast-hfb-above-header-display":"","ast-hfb-below-header-display":"","ast-hfb-mobile-header-display":"","site-post-title":"disabled","ast-breadcrumbs-content":"disabled","ast-featured-img":"","footer-sml-layout":"","ast-disable-related-posts":"","theme-transparent-header-meta":"default","adv-header-id-meta":"","stick-header-meta":"default","header-above-stick-meta":"","header-main-stick-meta":"","header-below-stick-meta":"","astra-migrate-meta-layouts":"default","ast-page-background-enabled":"default","ast-page-background-meta":{"desktop":{"background-color":"var(--ast-global-color-4)","background-image":"","background-repeat":"repeat","background-position":"center center","background-size":"auto","background-attachment":"scroll","background-type":"","background-media":"","overlay-type":"","overlay-color":"","overlay-opacity":"","overlay-gradient":""},"tablet":{"background-color":"","background-image":"","background-repeat":"repeat","background-position":"center center","background-size":"auto","background-attachment":"scroll","background-type":"","background-media":"","overlay-type":"","overlay-color":"","overlay-opacity":"","overlay-gradient":""},"mobile":{"background-color":"","background-image":"","background-repeat":"repeat","background-position":"center center","background-size":"auto","background-attachment":"scroll","background-type":"","background-media":"","overlay-type":"","overlay-color":"","overlay-opacity":"","overlay-gradient":""}},"ast-content-background-meta":{"desktop":{"background-color":"var(--ast-global-color-5)","background-image":"","background-repeat":"repeat","background-position":"center center","background-size":"auto","background-attachment":"scroll","background-type":"","background-media":"","overlay-type":"","overlay-color":"","overlay-opacity":"","overlay-gradient":""},"tablet":{"background-color":"var(--ast-global-color-5)","background-image":"","background-repeat":"repeat","background-position":"center center","background-size":"auto","background-attachment":"scroll","background-type":"","background-media":"","overlay-type":"","overlay-color":"","overlay-opacity":"","overlay-gradient":""},"mobile":{"background-color":"var(--ast-global-color-5)","background-image":"","background-repeat":"repeat","background-position":"center center","background-size":"auto","background-attachment":"scroll","background-type":"","background-media":"","overlay-type":"","overlay-color":"","overlay-opacity":"","overlay-gradient":""}},"footnotes":""},"class_list":["post-132","page","type-page","status-publish","hentry"],"_links":{"self":[{"href":"http:\/\/enlacesur.org\/pt\/wp-json\/wp\/v2\/pages\/132","targetHints":{"allow":["GET"]}}],"collection":[{"href":"http:\/\/enlacesur.org\/pt\/wp-json\/wp\/v2\/pages"}],"about":[{"href":"http:\/\/enlacesur.org\/pt\/wp-json\/wp\/v2\/types\/page"}],"author":[{"embeddable":true,"href":"http:\/\/enlacesur.org\/pt\/wp-json\/wp\/v2\/users\/1"}],"replies":[{"embeddable":true,"href":"http:\/\/enlacesur.org\/pt\/wp-json\/wp\/v2\/comments?post=132"}],"version-history":[{"count":0,"href":"http:\/\/enlacesur.org\/pt\/wp-json\/wp\/v2\/pages\/132\/revisions"}],"wp:attachment":[{"href":"http:\/\/enlacesur.org\/pt\/wp-json\/wp\/v2\/media?parent=132"}],"curies":[{"name":"wp","href":"https:\/\/api.w.org\/{rel}","templated":true}]}}