{"id":32,"date":"2022-02-15T14:41:54","date_gmt":"2022-02-15T14:41:54","guid":{"rendered":"https:\/\/enlacesur.org\/profile\/"},"modified":"2023-02-04T22:50:03","modified_gmt":"2023-02-05T01:50:03","slug":"profile","status":"publish","type":"page","link":"http:\/\/enlacesur.org\/pt\/profile\/","title":{"rendered":"Perfil"},"content":{"rendered":"<div data-elementor-type=\"wp-page\" data-elementor-id=\"32\" class=\"elementor elementor-32\" data-elementor-post-type=\"page\">\n\t\t\t\t\t\t<section data-dce-background-color=\"#F3F2EF\" class=\"elementor-section elementor-top-section elementor-element elementor-element-2024744f elementor-section-content-middle elementor-section-stretched elementor-section-boxed elementor-section-height-default elementor-section-height-default\" data-id=\"2024744f\" data-element_type=\"section\" data-e-type=\"section\" data-settings=\"{&quot;background_background&quot;:&quot;classic&quot;,&quot;stretch_section&quot;:&quot;section-stretched&quot;}\">\n\t\t\t\t\t\t\t<div class=\"elementor-background-overlay\"><\/div>\n\t\t\t\t\t\t\t<div class=\"elementor-container elementor-column-gap-default\">\n\t\t\t\t\t<div data-dce-background-color=\"#FFFFFF\" class=\"elementor-column elementor-col-100 elementor-top-column elementor-element elementor-element-757c1d60\" data-id=\"757c1d60\" data-element_type=\"column\" data-e-type=\"column\" data-settings=\"{&quot;background_background&quot;:&quot;classic&quot;}\">\n\t\t\t<div class=\"elementor-widget-wrap elementor-element-populated\">\n\t\t\t\t\t\t<div class=\"elementor-element elementor-element-184808f3 elementor-widget__width-inherit elementor-widget elementor-widget-shortcode\" data-id=\"184808f3\" data-element_type=\"widget\" data-e-type=\"widget\" data-widget_type=\"shortcode.default\">\n\t\t\t\t<div class=\"elementor-widget-container\">\n\t\t\t\t\t\t\t<div class=\"elementor-shortcode\"><\/div>\n\t\t\t\t\t\t<\/div>\n\t\t\t\t<\/div>\n\t\t\t\t\t<\/div>\n\t\t<\/div>\n\t\t\t\t\t<\/div>\n\t\t<\/section>\n\t\t<!-- dce invisible element 679bbd8 -->\t\t<section data-dce-background-color=\"#F3F2EF\" class=\"elementor-section elementor-top-section elementor-element elementor-element-7361a201 elementor-section-stretched elementor-section-boxed elementor-section-height-default elementor-section-height-default\" data-id=\"7361a201\" data-element_type=\"section\" data-e-type=\"section\" data-settings=\"{&quot;background_background&quot;:&quot;classic&quot;,&quot;stretch_section&quot;:&quot;section-stretched&quot;}\">\n\t\t\t\t\t\t<div class=\"elementor-container elementor-column-gap-default\">\n\t\t\t\t\t<div class=\"elementor-column elementor-col-100 elementor-top-column elementor-element elementor-element-1bccaaf7\" data-id=\"1bccaaf7\" data-element_type=\"column\" data-e-type=\"column\">\n\t\t\t<div class=\"elementor-widget-wrap elementor-element-populated\">\n\t\t\t\t\t\t<div data-dce-title-color=\"#12439B\" class=\"elementor-element elementor-element-273c6bd9 elementor-widget elementor-widget-heading\" data-id=\"273c6bd9\" data-element_type=\"widget\" data-e-type=\"widget\" data-widget_type=\"heading.default\">\n\t\t\t\t<div class=\"elementor-widget-container\">\n\t\t\t\t\t<h2 class=\"elementor-heading-title elementor-size-default\">Soluciones m\u00e1s recientes<\/h2>\t\t\t\t<\/div>\n\t\t\t\t<\/div>\n\t\t\t\t<div class=\"elementor-element elementor-element-1f27989a elementor-grid-3 elementor-grid-tablet-2 elementor-grid-mobile-1 elementor-posts--thumbnail-top elementor-card-shadow-yes elementor-posts__hover-gradient elementor-widget elementor-widget-posts\" data-id=\"1f27989a\" data-element_type=\"widget\" data-e-type=\"widget\" data-settings=\"{&quot;cards_columns&quot;:&quot;3&quot;,&quot;cards_columns_tablet&quot;:&quot;2&quot;,&quot;cards_columns_mobile&quot;:&quot;1&quot;,&quot;cards_row_gap&quot;:{&quot;unit&quot;:&quot;px&quot;,&quot;size&quot;:35,&quot;sizes&quot;:[]},&quot;cards_row_gap_tablet&quot;:{&quot;unit&quot;:&quot;px&quot;,&quot;size&quot;:&quot;&quot;,&quot;sizes&quot;:[]},&quot;cards_row_gap_mobile&quot;:{&quot;unit&quot;:&quot;px&quot;,&quot;size&quot;:&quot;&quot;,&quot;sizes&quot;:[]}}\" data-widget_type=\"posts.cards\">\n\t\t\t\t<div class=\"elementor-widget-container\">\n\t\t\t\t\t\t\t<div class=\"elementor-posts-container elementor-posts elementor-posts--skin-cards elementor-grid\" role=\"list\">\n\t\t\t\t<article class=\"elementor-post elementor-grid-item post-1258 gd_place type-gd_place status-publish has-post-thumbnail hentry gd_place_tags-arboles gd_place_tags-biodiversidad gd_place_tags-plantulas gd_place_tags-semillas gd_place_tags-vivero gd_placecategory-areas-verdes-proteccion-ambiental-y-biodiversidad gd_placecategory-educacion-ambiental-y-participacion-ciudadana\" role=\"listitem\">\n\t\t\t<div class=\"elementor-post__card\">\n\t\t\t\t<a class=\"elementor-post__thumbnail__link\" href=\"http:\/\/enlacesur.org\/pt\/programas-desarrollo\/coleta-de-sementes-da-mata-atlantica-uma-ferramenta-na-promocao-da-biodiversidade\/\" tabindex=\"-1\" target=\"_blank\"><div class=\"elementor-post__thumbnail\"><img fetchpriority=\"high\" decoding=\"async\" width=\"225\" height=\"300\" src=\"https:\/\/enlacesur.org\/wp-content\/uploads\/2022\/09\/1-225x300.jpeg\" class=\"attachment-medium size-medium wp-image-1415\" alt=\"\" srcset=\"https:\/\/enlacesur.org\/wp-content\/uploads\/2022\/09\/1-225x300.jpeg 225w, https:\/\/enlacesur.org\/wp-content\/uploads\/2022\/09\/1-768x1024.jpeg 768w, https:\/\/enlacesur.org\/wp-content\/uploads\/2022\/09\/1-9x12.jpeg 9w, https:\/\/enlacesur.org\/wp-content\/uploads\/2022\/09\/1.jpeg 867w\" sizes=\"(max-width: 225px) 100vw, 225px\" \/><\/div><\/a>\n\t\t\t\t<div class=\"elementor-post__badge\">\u00c1reas verdes, Protecci\u00f3n ambiental y Biodiversidad<\/div>\n\t\t\t\t<div class=\"elementor-post__text\">\n\t\t\t\t<h3 class=\"elementor-post__title\">\n\t\t\t<a href=\"http:\/\/enlacesur.org\/pt\/programas-desarrollo\/coleta-de-sementes-da-mata-atlantica-uma-ferramenta-na-promocao-da-biodiversidade\/\" target=\"&quot;_blank&quot;\">\n\t\t\t\tColeta de sementes da Mata Atl\u00e2ntica: uma ferramenta na promo\u00e7\u00e3o da biodiversidade\t\t\t<\/a>\n\t\t<\/h3>\n\t\t\t\t<\/div>\n\t\t\t\t\t<\/div>\n\t\t<\/article>\n\t\t\t\t<article class=\"elementor-post elementor-grid-item post-1348 gd_place type-gd_place status-publish has-post-thumbnail hentry gd_place_tags-monitoreo gd_place_tags-observatorio gd_place_tags-planificacion gd_placecategory-monitoreo-y-control-ambiental\" role=\"listitem\">\n\t\t\t<div class=\"elementor-post__card\">\n\t\t\t\t<a class=\"elementor-post__thumbnail__link\" href=\"http:\/\/enlacesur.org\/pt\/programas-desarrollo\/observatorio-ambiental-urbano\/\" tabindex=\"-1\" target=\"_blank\"><div class=\"elementor-post__thumbnail\"><img decoding=\"async\" width=\"300\" height=\"200\" src=\"https:\/\/enlacesur.org\/wp-content\/uploads\/2022\/09\/WhatsApp-Image-2022-09-08-at-8.33.34-AM-300x200.jpeg\" class=\"attachment-medium size-medium wp-image-1349\" alt=\"\" srcset=\"https:\/\/enlacesur.org\/wp-content\/uploads\/2022\/09\/WhatsApp-Image-2022-09-08-at-8.33.34-AM-300x200.jpeg 300w, https:\/\/enlacesur.org\/wp-content\/uploads\/2022\/09\/WhatsApp-Image-2022-09-08-at-8.33.34-AM-1024x683.jpeg 1024w, https:\/\/enlacesur.org\/wp-content\/uploads\/2022\/09\/WhatsApp-Image-2022-09-08-at-8.33.34-AM-768x512.jpeg 768w, https:\/\/enlacesur.org\/wp-content\/uploads\/2022\/09\/WhatsApp-Image-2022-09-08-at-8.33.34-AM-1536x1024.jpeg 1536w, https:\/\/enlacesur.org\/wp-content\/uploads\/2022\/09\/WhatsApp-Image-2022-09-08-at-8.33.34-AM.jpeg 1599w\" sizes=\"(max-width: 300px) 100vw, 300px\" \/><\/div><\/a>\n\t\t\t\t<div class=\"elementor-post__badge\">Monitoreo y Control Ambiental<\/div>\n\t\t\t\t<div class=\"elementor-post__text\">\n\t\t\t\t<h3 class=\"elementor-post__title\">\n\t\t\t<a href=\"http:\/\/enlacesur.org\/pt\/programas-desarrollo\/observatorio-ambiental-urbano\/\" target=\"&quot;_blank&quot;\">\n\t\t\t\tObservatorio Ambiental Urbano\t\t\t<\/a>\n\t\t<\/h3>\n\t\t\t\t<\/div>\n\t\t\t\t\t<\/div>\n\t\t<\/article>\n\t\t\t\t<article class=\"elementor-post elementor-grid-item post-1432 gd_place type-gd_place status-publish has-post-thumbnail hentry gd_place_tags-eficiencia-energetica gd_place_tags-movilidad-electrica gd_place_tags-movilidad-sostenible gd_place_tags-transporte-publico gd_placecategory-eficiencia-energetica gd_placecategory-transporte-y-movilidad-sostenible\" role=\"listitem\">\n\t\t\t<div class=\"elementor-post__card\">\n\t\t\t\t<a class=\"elementor-post__thumbnail__link\" href=\"http:\/\/enlacesur.org\/pt\/programas-desarrollo\/taxis-electricos-montevideo\/\" tabindex=\"-1\" target=\"_blank\"><div class=\"elementor-post__thumbnail\"><img decoding=\"async\" width=\"300\" height=\"205\" src=\"https:\/\/enlacesur.org\/wp-content\/uploads\/2022\/09\/Taxi-E2-300x205.jpg\" class=\"attachment-medium size-medium wp-image-1433\" alt=\"\" srcset=\"https:\/\/enlacesur.org\/wp-content\/uploads\/2022\/09\/Taxi-E2-300x205.jpg 300w, https:\/\/enlacesur.org\/wp-content\/uploads\/2022\/09\/Taxi-E2-18x12.jpg 18w, https:\/\/enlacesur.org\/wp-content\/uploads\/2022\/09\/Taxi-E2.jpg 733w\" sizes=\"(max-width: 300px) 100vw, 300px\" \/><\/div><\/a>\n\t\t\t\t<div class=\"elementor-post__badge\">Eficiencia Energ\u00e9tica<\/div>\n\t\t\t\t<div class=\"elementor-post__text\">\n\t\t\t\t<h3 class=\"elementor-post__title\">\n\t\t\t<a href=\"http:\/\/enlacesur.org\/pt\/programas-desarrollo\/taxis-electricos-montevideo\/\" target=\"&quot;_blank&quot;\">\n\t\t\t\tTaxis el\u00e9ctricos Montevideo\t\t\t<\/a>\n\t\t<\/h3>\n\t\t\t\t<\/div>\n\t\t\t\t\t<\/div>\n\t\t<\/article>\n\t\t\t\t<\/div>\n\t\t\n\t\t\t\t\t\t<\/div>\n\t\t\t\t<\/div>\n\t\t\t\t\t<\/div>\n\t\t<\/div>\n\t\t\t\t\t<\/div>\n\t\t<\/section>\n\t\t\t\t<\/div>","protected":false},"excerpt":{"rendered":"<p>Comunidad A\u00f1adir pr\u00e1ctica Actualice sus preferencias Soluciones m\u00e1s recientes<\/p>","protected":false},"author":1,"featured_media":0,"parent":0,"menu_order":0,"comment_status":"closed","ping_status":"closed","template":"elementor_header_footer","meta":{"_stc_notifier_status":"","_stc_notifier_sent_time":"","_stc_notifier_request":false,"_stc_notifier_prevent":false,"_stc_subscriber_keywords":"","_stc_subscriber_search_areas":"","site-sidebar-layout":"default","site-content-layout":"boxed-container","ast-site-content-layout":"default","site-content-style":"default","site-sidebar-style":"default","ast-global-header-display":"","ast-banner-title-visibility":"","ast-main-header-display":"","ast-hfb-above-header-display":"","ast-hfb-below-header-display":"","ast-hfb-mobile-header-display":"","site-post-title":"disabled","ast-breadcrumbs-content":"disabled","ast-featured-img":"","footer-sml-layout":"","ast-disable-related-posts":"","theme-transparent-header-meta":"default","adv-header-id-meta":"","stick-header-meta":"default","header-above-stick-meta":"","header-main-stick-meta":"","header-below-stick-meta":"","astra-migrate-meta-layouts":"default","ast-page-background-enabled":"default","ast-page-background-meta":{"desktop":{"background-color":"var(--ast-global-color-4)","background-image":"","background-repeat":"repeat","background-position":"center center","background-size":"auto","background-attachment":"scroll","background-type":"","background-media":"","overlay-type":"","overlay-color":"","overlay-opacity":"","overlay-gradient":""},"tablet":{"background-color":"","background-image":"","background-repeat":"repeat","background-position":"center center","background-size":"auto","background-attachment":"scroll","background-type":"","background-media":"","overlay-type":"","overlay-color":"","overlay-opacity":"","overlay-gradient":""},"mobile":{"background-color":"","background-image":"","background-repeat":"repeat","background-position":"center center","background-size":"auto","background-attachment":"scroll","background-type":"","background-media":"","overlay-type":"","overlay-color":"","overlay-opacity":"","overlay-gradient":""}},"ast-content-background-meta":{"desktop":{"background-color":"var(--ast-global-color-5)","background-image":"","background-repeat":"repeat","background-position":"center center","background-size":"auto","background-attachment":"scroll","background-type":"","background-media":"","overlay-type":"","overlay-color":"","overlay-opacity":"","overlay-gradient":""},"tablet":{"background-color":"var(--ast-global-color-5)","background-image":"","background-repeat":"repeat","background-position":"center center","background-size":"auto","background-attachment":"scroll","background-type":"","background-media":"","overlay-type":"","overlay-color":"","overlay-opacity":"","overlay-gradient":""},"mobile":{"background-color":"var(--ast-global-color-5)","background-image":"","background-repeat":"repeat","background-position":"center center","background-size":"auto","background-attachment":"scroll","background-type":"","background-media":"","overlay-type":"","overlay-color":"","overlay-opacity":"","overlay-gradient":""}},"footnotes":""},"class_list":["post-32","page","type-page","status-publish","hentry"],"_links":{"self":[{"href":"http:\/\/enlacesur.org\/pt\/wp-json\/wp\/v2\/pages\/32","targetHints":{"allow":["GET"]}}],"collection":[{"href":"http:\/\/enlacesur.org\/pt\/wp-json\/wp\/v2\/pages"}],"about":[{"href":"http:\/\/enlacesur.org\/pt\/wp-json\/wp\/v2\/types\/page"}],"author":[{"embeddable":true,"href":"http:\/\/enlacesur.org\/pt\/wp-json\/wp\/v2\/users\/1"}],"replies":[{"embeddable":true,"href":"http:\/\/enlacesur.org\/pt\/wp-json\/wp\/v2\/comments?post=32"}],"version-history":[{"count":0,"href":"http:\/\/enlacesur.org\/pt\/wp-json\/wp\/v2\/pages\/32\/revisions"}],"wp:attachment":[{"href":"http:\/\/enlacesur.org\/pt\/wp-json\/wp\/v2\/media?parent=32"}],"curies":[{"name":"wp","href":"https:\/\/api.w.org\/{rel}","templated":true}]}}