{"id":724,"date":"2022-03-20T15:06:33","date_gmt":"2022-03-20T18:06:33","guid":{"rendered":"https:\/\/enlacesur.org\/?page_id=724"},"modified":"2022-03-20T15:07:19","modified_gmt":"2022-03-20T18:07:19","slug":"crear-cuenta","status":"publish","type":"page","link":"http:\/\/enlacesur.org\/pt\/crear-cuenta\/","title":{"rendered":"Crear cuenta"},"content":{"rendered":"<div class=\"uwp-register-class bsui sdel-240aa5ef\" ><div class=\"uwp_widgets uwp_widget_register\"><div class=\"uwp_page wpbs\">    <div class=\"row\">\n        <div class=\"card mx-auto container-fluid p-0 border-0\" >\n\t\t\t            <div class=\"card-body\">\n\t\t\t\t<h3 class=\"card-title text-center mb-4\">Register<\/h3>\n                <form class=\"uwp-registration-form uwp_form\" method=\"post\" enctype=\"multipart\/form-data\">\n\t\t\t\t\t<div data-argument=\"first_name\" class=\"mb-3\" ><label for=\"first_name\" class=\"visually-hidden form-label\">Nombre <span class=\"text-danger\">*<\/span><\/label><input type=\"text\"  name=\"first_name\"  id=\"first_name\"  placeholder=\"Nombre *\"  title=\"Nombre\"  required  class=\"form-control \" ><\/div><div data-argument=\"last_name\" class=\"mb-3\" ><label for=\"last_name\" class=\"visually-hidden form-label\">Apellido <span class=\"text-danger\">*<\/span><\/label><input type=\"text\"  name=\"last_name\"  id=\"last_name\"  placeholder=\"Apellido *\"  title=\"Apellido\"  required  class=\"form-control \" ><\/div><div data-argument=\"username\" class=\"mb-3\" ><label for=\"username\" class=\"visually-hidden form-label\">Username <span class=\"text-danger\">*<\/span><\/label><input type=\"text\"  name=\"username\"  id=\"username\"  placeholder=\"Username *\"  title=\"Username\"  required  class=\"form-control \" ><\/div><div data-argument=\"bio\" class=\"mb-3\" ><label for=\"bio\" class=\"visually-hidden form-label\">Experiencia Laboral <span class=\"text-danger\">*<\/span><\/label><textarea  name=\"bio\"  id=\"bio\"  placeholder=\"Experiencia Laboral *\"  title=\"Experiencia Laboral\"  required  rows=\"4\"  class=\"form-control \" ><\/textarea><\/div><div data-argument=\"cargo_que_desempea\" class=\"mb-3\" ><label for=\"cargo_que_desempea\" class=\"visually-hidden form-label\">Cargo que desempe\u00f1a <span class=\"text-danger\">*<\/span><\/label><input type=\"text\"  name=\"cargo_que_desempea\"  id=\"cargo_que_desempea\"  placeholder=\"Cargo que desempe\u00f1a *\"  title=\"Cargo que desempe\u00f1a\"  required  class=\"form-control \" ><\/div><div data-argument=\"gobierno_local_al_que_pertenece\" class=\"mb-3\" ><label for=\"gobierno_local_al_que_pertenece\" class=\"visually-hidden form-label\">Gobierno local <span class=\"text-danger\">*<\/span><\/label><input type=\"text\"  name=\"gobierno_local_al_que_pertenece\"  id=\"gobierno_local_al_que_pertenece\"  placeholder=\"Gobierno local *\"  title=\"Gobierno local\"  required  class=\"form-control \" ><small class=\"form-text text-muted d-block\">Gobierno local al que pertenece:<\/small><\/div><div data-argument=\"pas\" class=\"mb-3\" ><label for=\"pas\" class=\"visually-hidden form-label\">Pa\u00eds <span class=\"text-danger\">*<\/span><\/label><input type=\"text\"  name=\"pas\"  id=\"pas\"  placeholder=\"Pa\u00eds *\"  title=\"Pa\u00eds\"  required  class=\"form-control \" ><\/div><div data-argument=\"email\" class=\"mb-3\" ><label for=\"email\" class=\"visually-hidden form-label\">Email <span class=\"text-danger\">*<\/span><\/label><input type=\"email\"  name=\"email\"  id=\"email\"  placeholder=\"Email *\"  title=\"Email\"  required  class=\"form-control \" ><\/div><div data-argument=\"telfono\" class=\"mb-3\" ><label for=\"telfono\" class=\"visually-hidden form-label\">Tel\u00e9fono <span class=\"text-danger\">*<\/span><\/label><input type=\"tel\"  name=\"telfono\"  id=\"telfono\"  placeholder=\"Tel\u00e9fono *\"  title=\"Tel\u00e9fono\"  required  class=\"form-control \" ><\/div>\t\t\t<h3 class=\"uwp_input_fieldset \">\n\t\t\t\tRedes Sociales\t\t\t\t                <\/h3>\n\t\t\t<div data-argument=\"facebook\" class=\"mb-3 btn-facebook\" ><label for=\"facebook\" class=\"visually-hidden form-label\">Facebook url<\/label><input type=\"url\"  name=\"facebook\"  id=\"facebook\"  placeholder=\"Facebook url\"  title=\"Facebook url\"  oninvalid=\"setCustomValidity('Please enter a valid URL including https:\/\/')\"  onchange=\"try{setCustomValidity('')}catch(e){}\"  class=\"form-control \" ><\/div><div data-argument=\"linkedin\" class=\"mb-3\" ><label for=\"linkedin\" class=\"visually-hidden form-label\">LinkedIn<\/label><input type=\"url\"  name=\"linkedin\"  id=\"linkedin\"  placeholder=\"LinkedIn\"  title=\"LinkedIn\"  oninvalid=\"setCustomValidity('Please enter a valid URL including https:\/\/')\"  onchange=\"try{setCustomValidity('')}catch(e){}\"  class=\"form-control \" ><\/div><div data-argument=\"twitter\" class=\"mb-3 btn-twitter\" ><label for=\"twitter\" class=\"visually-hidden form-label\">Twitter url<\/label><input type=\"url\"  name=\"twitter\"  id=\"twitter\"  placeholder=\"Twitter url\"  title=\"Twitter url\"  oninvalid=\"setCustomValidity('Please enter a valid URL including https:\/\/')\"  onchange=\"try{setCustomValidity('')}catch(e){}\"  class=\"form-control \" ><\/div>\t\t\t<h3 class=\"uwp_input_fieldset \">\n\t\t\t\t\t\t\t\t                <\/h3>\n\t\t\t<div data-argument=\"password\" class=\"mb-3 uwp-password-wrap\" ><label for=\"password\" class=\"visually-hidden form-label\">Contrase\u00f1a <span class=\"text-danger\">*<\/span><\/label><div class=\"input-group\" ><input type=\"password\"  name=\"password\"  id=\"password\"  placeholder=\"Contrase\u00f1a *\"  title=\"Contrase\u00f1a\"  required  class=\"form-control \" ><span class=\"input-group-text top-0 end-0 c-pointer px-3\" \nonclick=\"var $el = jQuery(this).find('i');$el.toggleClass('fa-eye fa-eye-slash');\nvar $eli = jQuery(this).parent().parent().find('input');\nif($el.hasClass('fa-eye'))\n{$eli.attr('type','text');}\nelse{$eli.attr('type','password');}\"\n><i class=\"far fa-fw fa-width-fixed fa-eye-slash\"><\/i><\/span><\/div><small class=\"form-text text-muted d-block\">La contrase\u00f1a debe tener m\u00ednimo 8 caracteres, m\u00e1ximo 14 caracteres.<\/small><\/div><div data-argument=\"confirm_password\" class=\"mb-3 uwp-password-wrap\" ><label for=\"confirm_password\" class=\"visually-hidden form-label\">Confirm Password <span class=\"text-danger\">*<\/span><\/label><div class=\"input-group\" ><input type=\"password\"  name=\"confirm_password\"  id=\"confirm_password\"  placeholder=\"Confirm Password *\"  title=\"Confirm Password\"  required  class=\"form-control \" ><span class=\"input-group-text top-0 end-0 c-pointer px-3\" \nonclick=\"var $el = jQuery(this).find('i');$el.toggleClass('fa-eye fa-eye-slash');\nvar $eli = jQuery(this).parent().parent().find('input');\nif($el.hasClass('fa-eye'))\n{$eli.attr('type','text');}\nelse{$eli.attr('type','password');}\"\n><i class=\"far fa-fw fa-width-fixed fa-eye-slash\"><\/i><\/span><\/div><small class=\"form-text text-muted d-block\">La contrase\u00f1a debe tener m\u00ednimo 8 caracteres, m\u00e1ximo 14 caracteres.<\/small><\/div><input type=\"hidden\" name=\"register_tos\" id=\"checkbox_register_tos\" value=\"0\"\/><div data-argument=\"register_tos\" class=\"mb-3 btn-register-tos\" ><div class=\"form-check\" ><input type=\"hidden\" name=\"register_tos\" value=\"0\" \/><input type=\"checkbox\"  name=\"register_tos\"  id=\"register_tos\"  title=\"T\u00e9rminos &amp; Condiciones\"  value=\"1\"  required  class=\"form-check-input c-pointer\" ><label for=\"register_tos\" class=\"form-check-label form-label\">I accept the <a href=\"http:\/\/enlacesur.org\/pt\/terminos-y-condiciones\/\" target=\"_blank\"> T\u00e9rminos &amp; Condiciones <\/a>. <span class=\"text-danger\">*<\/span><\/label><\/div><\/div><input type=\"hidden\" name=\"redirect_to\" value=\"http:\/\/enlacesur.org\/pt\"\/><input type=\"hidden\" name=\"uwp_register_hash\" value=\"72f02020201635e1d59585236\" style=\"display:none !important; visibility:hidden !important;\" \/><input type=\"hidden\" name=\"uwp_register_hp\" value=\"\" style=\"display:none !important; visibility:hidden !important;\" size=\"25\" autocomplete=\"off\" \/><input type=\"hidden\" name=\"uwp_register_nonce\" value=\"4fb8b10665\" \/><input type=\"hidden\" name=\"uwp_register_form_id\" value=\"1\"><div class=\"mb-3 mb-3\">\n            \n                            <div id=\"uwp_captcha_register\" class=\"uwp-captcha-render\"><\/div>\n                <script type=\"text\/javascript\">\n                    try {\n                        var uwp_captcha_register = function() {\n                            if ( ( typeof jQuery != 'undefined' && !jQuery('#uwp_captcha_register').html() ) ) {\n                                grecaptcha.render('uwp_captcha_register', { 'sitekey' : '6LcY4fYqAAAAAAKCLuA_aD7VPJ9n7VVacFWevFgs', 'theme' : 'light', 'size' : 'normal', 'action' : 'uwp_captcha' });\n                            }\n                        }\n                    } catch(err) {\n                        console.log(err);\n                    }\n                <\/script>\n                    <\/div>\n        <button type=\"submit\"  name=\"uwp_register_submit\"  class=\"btn btn-primary w-100 text-uppercase uwp_register_submit\"  >Create account<\/button>\n                <\/form>\n\n                <div class=\"uwp-footer-links\">\n                    <div class=\"uwp-footer-link\">\n\t\t\t\t\t\t<a href=\"http:\/\/enlacesur.org\/pt\/login\/\" class=\"d-block text-center mt-2 small uwp-login-link\"  rel=\"nofollow\"  >Login<\/a>\n                    <\/div>\n                <\/div>\n\n                <div class=\"mb-3 text-center mb-0 p-0\">\n\t\t\t\t\t                <\/div>\n\n            <\/div>\n        <\/div>\n    <\/div>\n<\/div><\/div>\t<script>\n        jQuery( document ).ready( function( $ ) {\n\n            $( 'body' ).on( 'keyup', 'input[name=password], input[name=confirm_password]',\n                function( event ) {\n                    var $form = $(this).closest('form');\n                    if( ! $form.hasClass('uwp-login-form') ) {\n                        uwp_checkPasswordStrength(\n                            $form.find('input[name=password]'),\n                            $form.find('input[name=confirm_password]'),\n                            $form.find('#uwp-password-strength'),\n                            $form.find('button[type=\"submit\"], input[type=\"submit\"]'),\n                            ['black', 'listed', 'word']\n                        );\n                    }\n                }\n            );\n        });\n\t<\/script>\n\t<\/div>\n","protected":false},"excerpt":{"rendered":"","protected":false},"author":1,"featured_media":0,"parent":0,"menu_order":0,"comment_status":"closed","ping_status":"closed","template":"","meta":{"_stc_notifier_status":"","_stc_notifier_sent_time":"","_stc_notifier_request":false,"_stc_notifier_prevent":false,"_stc_subscriber_keywords":"","_stc_subscriber_search_areas":"","site-sidebar-layout":"no-sidebar","site-content-layout":"boxed-container","ast-site-content-layout":"default","site-content-style":"default","site-sidebar-style":"default","ast-global-header-display":"","ast-banner-title-visibility":"","ast-main-header-display":"","ast-hfb-above-header-display":"","ast-hfb-below-header-display":"","ast-hfb-mobile-header-display":"","site-post-title":"disabled","ast-breadcrumbs-content":"disabled","ast-featured-img":"","footer-sml-layout":"","ast-disable-related-posts":"","theme-transparent-header-meta":"default","adv-header-id-meta":"","stick-header-meta":"default","header-above-stick-meta":"","header-main-stick-meta":"","header-below-stick-meta":"","astra-migrate-meta-layouts":"default","ast-page-background-enabled":"default","ast-page-background-meta":{"desktop":{"background-color":"var(--ast-global-color-4)","background-image":"","background-repeat":"repeat","background-position":"center center","background-size":"auto","background-attachment":"scroll","background-type":"","background-media":"","overlay-type":"","overlay-color":"","overlay-opacity":"","overlay-gradient":""},"tablet":{"background-color":"","background-image":"","background-repeat":"repeat","background-position":"center center","background-size":"auto","background-attachment":"scroll","background-type":"","background-media":"","overlay-type":"","overlay-color":"","overlay-opacity":"","overlay-gradient":""},"mobile":{"background-color":"","background-image":"","background-repeat":"repeat","background-position":"center center","background-size":"auto","background-attachment":"scroll","background-type":"","background-media":"","overlay-type":"","overlay-color":"","overlay-opacity":"","overlay-gradient":""}},"ast-content-background-meta":{"desktop":{"background-color":"var(--ast-global-color-5)","background-image":"","background-repeat":"repeat","background-position":"center center","background-size":"auto","background-attachment":"scroll","background-type":"","background-media":"","overlay-type":"","overlay-color":"","overlay-opacity":"","overlay-gradient":""},"tablet":{"background-color":"var(--ast-global-color-5)","background-image":"","background-repeat":"repeat","background-position":"center center","background-size":"auto","background-attachment":"scroll","background-type":"","background-media":"","overlay-type":"","overlay-color":"","overlay-opacity":"","overlay-gradient":""},"mobile":{"background-color":"var(--ast-global-color-5)","background-image":"","background-repeat":"repeat","background-position":"center center","background-size":"auto","background-attachment":"scroll","background-type":"","background-media":"","overlay-type":"","overlay-color":"","overlay-opacity":"","overlay-gradient":""}},"footnotes":""},"class_list":["post-724","page","type-page","status-publish","hentry"],"_links":{"self":[{"href":"http:\/\/enlacesur.org\/pt\/wp-json\/wp\/v2\/pages\/724","targetHints":{"allow":["GET"]}}],"collection":[{"href":"http:\/\/enlacesur.org\/pt\/wp-json\/wp\/v2\/pages"}],"about":[{"href":"http:\/\/enlacesur.org\/pt\/wp-json\/wp\/v2\/types\/page"}],"author":[{"embeddable":true,"href":"http:\/\/enlacesur.org\/pt\/wp-json\/wp\/v2\/users\/1"}],"replies":[{"embeddable":true,"href":"http:\/\/enlacesur.org\/pt\/wp-json\/wp\/v2\/comments?post=724"}],"version-history":[{"count":0,"href":"http:\/\/enlacesur.org\/pt\/wp-json\/wp\/v2\/pages\/724\/revisions"}],"wp:attachment":[{"href":"http:\/\/enlacesur.org\/pt\/wp-json\/wp\/v2\/media?parent=724"}],"curies":[{"name":"wp","href":"https:\/\/api.w.org\/{rel}","templated":true}]}}