{"id":1221,"date":"2022-09-01T15:25:22","date_gmt":"2022-09-01T18:25:22","guid":{"rendered":"https:\/\/enlacesur.org\/?page_id=1221"},"modified":"2022-09-01T15:31:04","modified_gmt":"2022-09-01T18:31:04","slug":"mensaje-cuenta-creada","status":"publish","type":"page","link":"https:\/\/enlacesur.org\/pt\/mensaje-cuenta-creada\/","title":{"rendered":"mensaje cuenta creada"},"content":{"rendered":"<h1 style=\"text-align: center; background-color: #eeeeee;\">Cuenta registrada satisfactoriamente.<\/h1>\n<h2 style=\"text-align: center;\">Una vez aprobado su usuario recibir\u00e1 una notificaci\u00f3n en su correo electr\u00f3nico.<\/h2>\n<p>&nbsp;<\/p>\n<h3 style=\"text-align: center; color:#1e73be;\"><strong>Por favor, revise su correo electr\u00f3nico para su validaci\u00f3n final dentro de las pr\u00f3ximas 24 horas.<\/strong><\/h3>","protected":false},"excerpt":{"rendered":"<p>Cuenta registrada satisfactoriamente. Una vez aprobado su usuario recibir\u00e1 una notificaci\u00f3n en su correo electr\u00f3nico. &nbsp; Por favor, revise su correo electr\u00f3nico para su validaci\u00f3n final dentro de las pr\u00f3ximas 24 horas.<\/p>","protected":false},"author":1,"featured_media":0,"parent":0,"menu_order":0,"comment_status":"closed","ping_status":"closed","template":"","meta":{"_stc_notifier_status":"","_stc_notifier_sent_time":"","_stc_notifier_request":false,"_stc_notifier_prevent":false,"_stc_subscriber_keywords":"","_stc_subscriber_search_areas":"","site-sidebar-layout":"no-sidebar","site-content-layout":"boxed-container","ast-site-content-layout":"default","site-content-style":"default","site-sidebar-style":"default","ast-global-header-display":"","ast-banner-title-visibility":"","ast-main-header-display":"","ast-hfb-above-header-display":"","ast-hfb-below-header-display":"","ast-hfb-mobile-header-display":"","site-post-title":"disabled","ast-breadcrumbs-content":"disabled","ast-featured-img":"","footer-sml-layout":"","ast-disable-related-posts":"","theme-transparent-header-meta":"default","adv-header-id-meta":"","stick-header-meta":"default","header-above-stick-meta":"","header-main-stick-meta":"","header-below-stick-meta":"","astra-migrate-meta-layouts":"default","ast-page-background-enabled":"default","ast-page-background-meta":{"desktop":{"background-color":"var(--ast-global-color-4)","background-image":"","background-repeat":"repeat","background-position":"center center","background-size":"auto","background-attachment":"scroll","background-type":"","background-media":"","overlay-type":"","overlay-color":"","overlay-opacity":"","overlay-gradient":""},"tablet":{"background-color":"","background-image":"","background-repeat":"repeat","background-position":"center center","background-size":"auto","background-attachment":"scroll","background-type":"","background-media":"","overlay-type":"","overlay-color":"","overlay-opacity":"","overlay-gradient":""},"mobile":{"background-color":"","background-image":"","background-repeat":"repeat","background-position":"center center","background-size":"auto","background-attachment":"scroll","background-type":"","background-media":"","overlay-type":"","overlay-color":"","overlay-opacity":"","overlay-gradient":""}},"ast-content-background-meta":{"desktop":{"background-color":"var(--ast-global-color-5)","background-image":"","background-repeat":"repeat","background-position":"center center","background-size":"auto","background-attachment":"scroll","background-type":"","background-media":"","overlay-type":"","overlay-color":"","overlay-opacity":"","overlay-gradient":""},"tablet":{"background-color":"var(--ast-global-color-5)","background-image":"","background-repeat":"repeat","background-position":"center center","background-size":"auto","background-attachment":"scroll","background-type":"","background-media":"","overlay-type":"","overlay-color":"","overlay-opacity":"","overlay-gradient":""},"mobile":{"background-color":"var(--ast-global-color-5)","background-image":"","background-repeat":"repeat","background-position":"center center","background-size":"auto","background-attachment":"scroll","background-type":"","background-media":"","overlay-type":"","overlay-color":"","overlay-opacity":"","overlay-gradient":""}},"footnotes":""},"class_list":["post-1221","page","type-page","status-publish","hentry"],"_links":{"self":[{"href":"https:\/\/enlacesur.org\/pt\/wp-json\/wp\/v2\/pages\/1221","targetHints":{"allow":["GET"]}}],"collection":[{"href":"https:\/\/enlacesur.org\/pt\/wp-json\/wp\/v2\/pages"}],"about":[{"href":"https:\/\/enlacesur.org\/pt\/wp-json\/wp\/v2\/types\/page"}],"author":[{"embeddable":true,"href":"https:\/\/enlacesur.org\/pt\/wp-json\/wp\/v2\/users\/1"}],"replies":[{"embeddable":true,"href":"https:\/\/enlacesur.org\/pt\/wp-json\/wp\/v2\/comments?post=1221"}],"version-history":[{"count":0,"href":"https:\/\/enlacesur.org\/pt\/wp-json\/wp\/v2\/pages\/1221\/revisions"}],"wp:attachment":[{"href":"https:\/\/enlacesur.org\/pt\/wp-json\/wp\/v2\/media?parent=1221"}],"curies":[{"name":"wp","href":"https:\/\/api.w.org\/{rel}","templated":true}]}}